{"id":8,"date":"2019-06-30T11:03:10","date_gmt":"2019-06-30T09:03:10","guid":{"rendered":"http:\/\/rav-recycling.de\/wordpress\/?page_id=8"},"modified":"2020-08-21T10:01:38","modified_gmt":"2020-08-21T08:01:38","slug":"startseite","status":"publish","type":"page","link":"https:\/\/rav-recycling.de\/wordpress\/","title":{"rendered":"Startseite"},"content":{"rendered":"<p><img loading=\"lazy\" class=\"alignnone size-medium wp-image-35\" src=\"http:\/\/rav-recycling.de\/wp-content\/uploads\/2019\/06\/logo_rav-300x90.png\" alt=\"\" width=\"300\" height=\"90\" srcset=\"https:\/\/rav-recycling.de\/wp-content\/uploads\/2019\/06\/logo_rav-300x90.png 300w, https:\/\/rav-recycling.de\/wp-content\/uploads\/2019\/06\/logo_rav.png 333w\" sizes=\"(max-width: 300px) 100vw, 300px\" \/><\/p>\n<p>Willkommen auf der Homepage von RAV-Recycling GmbH!<\/p>\n<p>Diese Seite ist aufgrund einer Gesch\u00e4fts\u00fcbernahme derzeit im Aufbau. Wir sind weiterhin unter 06482\/4770 oder per info@rav-recycling.de erreichbar.<\/p>\n<p><a href=\"http:\/\/stores.ebay.de\/RAV-Recycling\">Besuchen Sie doch unseren eBay-Store!<\/a><\/p>\n<p style=\"text-align: center;\"><strong>Am 22.August 2020<br \/>\n<\/strong><\/p>\n<p style=\"text-align: center;\"><strong>bleibt unser Standort f\u00fcr alle Kunden geschlossen<\/strong>.<\/p>\n<p style=\"text-align: center;\">Wir bitten um Verst\u00e4ndnis und sind ab Montag wieder f\u00fcr Sie alle da! <br data-rich-text-line-break=\"true\" \/><br data-rich-text-line-break=\"true\" \/><em><strong>Ihr RAV Recycling GmbH Team<\/strong><\/em><\/p>\n","protected":false},"excerpt":{"rendered":"<p>Willkommen auf der Homepage von RAV-Recycling GmbH! Diese Seite ist aufgrund einer Gesch\u00e4fts\u00fcbernahme derzeit im Aufbau. Wir sind weiterhin unter 06482\/4770 oder per info@rav-recycling.de erreichbar. Besuchen Sie doch unseren eBay-Store! Am 22.August 2020 bleibt unser Standort f\u00fcr alle Kunden geschlossen. Wir bitten um Verst\u00e4ndnis und sind ab Montag wieder f\u00fcr Sie alle da! Ihr RAV [&hellip;]<\/p>\n","protected":false},"author":1,"featured_media":0,"parent":0,"menu_order":0,"comment_status":"closed","ping_status":"closed","template":"","meta":[],"_links":{"self":[{"href":"https:\/\/rav-recycling.de\/wordpress\/wp-json\/wp\/v2\/pages\/8"}],"collection":[{"href":"https:\/\/rav-recycling.de\/wordpress\/wp-json\/wp\/v2\/pages"}],"about":[{"href":"https:\/\/rav-recycling.de\/wordpress\/wp-json\/wp\/v2\/types\/page"}],"author":[{"embeddable":true,"href":"https:\/\/rav-recycling.de\/wordpress\/wp-json\/wp\/v2\/users\/1"}],"replies":[{"embeddable":true,"href":"https:\/\/rav-recycling.de\/wordpress\/wp-json\/wp\/v2\/comments?post=8"}],"version-history":[{"count":7,"href":"https:\/\/rav-recycling.de\/wordpress\/wp-json\/wp\/v2\/pages\/8\/revisions"}],"predecessor-version":[{"id":104,"href":"https:\/\/rav-recycling.de\/wordpress\/wp-json\/wp\/v2\/pages\/8\/revisions\/104"}],"wp:attachment":[{"href":"https:\/\/rav-recycling.de\/wordpress\/wp-json\/wp\/v2\/media?parent=8"}],"curies":[{"name":"wp","href":"https:\/\/api.w.org\/{rel}","templated":true}]}}