{"id":67,"date":"2019-09-07T17:53:18","date_gmt":"2019-09-07T15:53:18","guid":{"rendered":"http:\/\/rav-recycling.de\/wordpress\/?page_id=67"},"modified":"2019-11-11T09:29:15","modified_gmt":"2019-11-11T08:29:15","slug":"impressum","status":"publish","type":"page","link":"https:\/\/rav-recycling.de\/wordpress\/impressum\/","title":{"rendered":"Impressum"},"content":{"rendered":"\n<p>Hier steht in n\u00e4chster Zeit das Impressum.<\/p>\n\n\n\n<p> RAV Recycling GmbH <br> Industriestra\u00dfe 19<br> 65594 Runkel<br> Deutschland <br> <br> Tel.: 06482 &#8211; 4770<br> E-Mail: rav-recycling@web.de <br> <br> Registergericht: Limburg <br> Registernummer: HRB 3759 <br> <br> Gesch\u00e4ftsf\u00fchrer: Belal Hassoun <br> <br> Umsatzsteuer-Identifikationsnummer gem\u00e4\u00df \u00a7 27 a Umsatzsteuergesetz: DE 241302235 <br> <br> Plattform der EU-Kommission zur Online-Streitbeilegung: <a rel=\"noreferrer noopener\" target=\"_blank\" href=\"https:\/\/ec.europa.eu\/odr\">https:\/\/ec.europa.eu\/odr<\/a><br> <br> Wir sind zur Teilnahme an einem Streitbeilegungsverfahren vor einer  Verbraucherschlichtungsstelle weder verpflichtet noch bereit.<br> <br> <\/p>\n\n\n\n<figure class=\"wp-block-image\"><img src=\"https:\/\/www.it-recht-kanzlei.de\/gfx\/Logos\/logo-fairness-160.png\" alt=\"\"\/><\/figure>\n\n\n\n<p>Mitglied der Initiative &#8222;Fairness im Handel&#8220;.<br>\nN\u00e4here Informationen: <a target=\"_blank\" href=\"https:\/\/www.fairness-im-handel.de\" rel=\"noreferrer noopener\">https:\/\/www.fairness-im-handel.de<\/a><br><br>\nDie Firma ist in Verkaufsabwicklung mit Gesch\u00e4ftsf\u00fchrerwechsel.\t\n\n<\/p>\n","protected":false},"excerpt":{"rendered":"<p>Hier steht in n\u00e4chster Zeit das Impressum. RAV Recycling GmbH Industriestra\u00dfe 19 65594 Runkel Deutschland Tel.: 06482 &#8211; 4770 E-Mail: rav-recycling@web.de Registergericht: Limburg Registernummer: HRB 3759 Gesch\u00e4ftsf\u00fchrer: Belal Hassoun Umsatzsteuer-Identifikationsnummer gem\u00e4\u00df \u00a7 27 a Umsatzsteuergesetz: DE 241302235 Plattform der EU-Kommission zur Online-Streitbeilegung: https:\/\/ec.europa.eu\/odr Wir sind zur Teilnahme an einem Streitbeilegungsverfahren vor einer Verbraucherschlichtungsstelle weder verpflichtet [&hellip;]<\/p>\n","protected":false},"author":1,"featured_media":0,"parent":0,"menu_order":0,"comment_status":"closed","ping_status":"closed","template":"","meta":[],"_links":{"self":[{"href":"https:\/\/rav-recycling.de\/wordpress\/wp-json\/wp\/v2\/pages\/67"}],"collection":[{"href":"https:\/\/rav-recycling.de\/wordpress\/wp-json\/wp\/v2\/pages"}],"about":[{"href":"https:\/\/rav-recycling.de\/wordpress\/wp-json\/wp\/v2\/types\/page"}],"author":[{"embeddable":true,"href":"https:\/\/rav-recycling.de\/wordpress\/wp-json\/wp\/v2\/users\/1"}],"replies":[{"embeddable":true,"href":"https:\/\/rav-recycling.de\/wordpress\/wp-json\/wp\/v2\/comments?post=67"}],"version-history":[{"count":4,"href":"https:\/\/rav-recycling.de\/wordpress\/wp-json\/wp\/v2\/pages\/67\/revisions"}],"predecessor-version":[{"id":93,"href":"https:\/\/rav-recycling.de\/wordpress\/wp-json\/wp\/v2\/pages\/67\/revisions\/93"}],"wp:attachment":[{"href":"https:\/\/rav-recycling.de\/wordpress\/wp-json\/wp\/v2\/media?parent=67"}],"curies":[{"name":"wp","href":"https:\/\/api.w.org\/{rel}","templated":true}]}}