{"id":62,"date":"2019-09-07T17:44:22","date_gmt":"2019-09-07T15:44:22","guid":{"rendered":"http:\/\/rav-recycling.de\/wordpress\/?page_id=62"},"modified":"2022-04-08T09:55:21","modified_gmt":"2022-04-08T07:55:21","slug":"ueber-uns","status":"publish","type":"page","link":"https:\/\/rav-recycling.de\/wordpress\/ueber-uns\/","title":{"rendered":"\u00dcber uns"},"content":{"rendered":"<p>Die RAV Recycling GmbH in Runkel existiert bereits viele Jahre. Die Gr\u00fcnderfamilie Teumer hat das Unternehmen im Jahre 2019 verkauft und an einen neuen Investor \u00fcbergeben.<br \/>\nDas Unternehmen wird weitergef\u00fchrt, die Familie Teumer hat sich vollst\u00e4ndig aus der Gesch\u00e4ftsf\u00fchrung und Leitung des Unternehmen zur\u00fcckgezogen.<\/p>\n<p>Weitere Informationen werden folgen.<\/p>\n","protected":false},"excerpt":{"rendered":"<p>Die RAV Recycling GmbH in Runkel existiert bereits viele Jahre. Die Gr\u00fcnderfamilie Teumer hat das Unternehmen im Jahre 2019 verkauft und an einen neuen Investor \u00fcbergeben. Das Unternehmen wird weitergef\u00fchrt, die Familie Teumer hat sich vollst\u00e4ndig aus der Gesch\u00e4ftsf\u00fchrung und Leitung des Unternehmen zur\u00fcckgezogen. Weitere Informationen werden folgen.<\/p>\n","protected":false},"author":1,"featured_media":0,"parent":0,"menu_order":0,"comment_status":"closed","ping_status":"closed","template":"","meta":[],"_links":{"self":[{"href":"https:\/\/rav-recycling.de\/wordpress\/wp-json\/wp\/v2\/pages\/62"}],"collection":[{"href":"https:\/\/rav-recycling.de\/wordpress\/wp-json\/wp\/v2\/pages"}],"about":[{"href":"https:\/\/rav-recycling.de\/wordpress\/wp-json\/wp\/v2\/types\/page"}],"author":[{"embeddable":true,"href":"https:\/\/rav-recycling.de\/wordpress\/wp-json\/wp\/v2\/users\/1"}],"replies":[{"embeddable":true,"href":"https:\/\/rav-recycling.de\/wordpress\/wp-json\/wp\/v2\/comments?post=62"}],"version-history":[{"count":6,"href":"https:\/\/rav-recycling.de\/wordpress\/wp-json\/wp\/v2\/pages\/62\/revisions"}],"predecessor-version":[{"id":150,"href":"https:\/\/rav-recycling.de\/wordpress\/wp-json\/wp\/v2\/pages\/62\/revisions\/150"}],"wp:attachment":[{"href":"https:\/\/rav-recycling.de\/wordpress\/wp-json\/wp\/v2\/media?parent=62"}],"curies":[{"name":"wp","href":"https:\/\/api.w.org\/{rel}","templated":true}]}}